{"id":24,"date":"2025-04-22T00:04:24","date_gmt":"2025-04-22T00:04:24","guid":{"rendered":"https:\/\/c3vision.cl\/about\/"},"modified":"2026-01-07T22:11:08","modified_gmt":"2026-01-08T02:11:08","slug":"about","status":"publish","type":"page","link":"https:\/\/c3vision.cl\/es\/about\/","title":{"rendered":"Nosotros"},"content":{"rendered":"\n\n\n\n\n\n\n<div class=\"wp-block-columns is-layout-flex wp-container-core-columns-is-layout-28f84493 wp-block-columns-is-layout-flex\">\n<div class=\"wp-block-column is-layout-flow wp-block-column-is-layout-flow\"><\/div>\n\n\n\n<div class=\"wp-block-column is-layout-flow wp-block-column-is-layout-flow\"><\/div>\n<\/div>\n\n\n\n\n\n<h2>C3 Vision<\/h2>\n\n\n\n<p><strong>Tecnolog\u00eda que transforma la gesti\u00f3n de seguridad y acceso<\/strong><\/p>\n\n\n\n<p>C3 Vision nace con el prop\u00f3sito de revolucionar la forma en que organizaciones modernas enfrentan los desaf\u00edos de seguridad, control de acceso e inteligencia operativa.<\/p>\n\n\n\n<p>Nuestro equipo combina una s\u00f3lida trayectoria en visi\u00f3n computacional, automatizaci\u00f3n e integraci\u00f3n de hardware de alto rendimiento, con un fuerte enfoque en innovaci\u00f3n aplicada. Este conocimiento nos permite desarrollar soluciones avanzadas de reconocimiento facial, dise\u00f1adas para operar con precisi\u00f3n y confiabilidad incluso en entornos complejos y de alta concurrencia.<\/p>\n\n\n\n<p>Desde estadios y recintos deportivos hasta grandes eventos masivos, nuestras tecnolog\u00edas est\u00e1n pensadas para responder con rapidez, seguridad y eficiencia, habilitando una gesti\u00f3n operativa en tiempo real y mejorando significativamente la experiencia de acceso de las personas.<\/p>\n\n\n\n<div class=\"wp-block-buttons is-layout-flex wp-block-buttons-is-layout-flex\">\n<div class=\"wp-block-button\"><a class=\"wp-block-button__link wp-element-button\" href=\"https:\/\/c3vision.cl\/contact\/\">Cont\u00e1ctanos<\/a><\/div>\n<\/div>\n\n\n\n\n\n\n\n<p><\/p>\n","protected":false},"excerpt":{"rendered":"","protected":false},"author":1,"featured_media":83,"parent":0,"menu_order":0,"comment_status":"closed","ping_status":"closed","template":"","meta":{"pagelayer_contact_templates":[],"_pagelayer_content":"","footnotes":""},"class_list":["post-24","page","type-page","status-publish","has-post-thumbnail","hentry"],"_links":{"self":[{"href":"https:\/\/c3vision.cl\/es\/wp-json\/wp\/v2\/pages\/24","targetHints":{"allow":["GET"]}}],"collection":[{"href":"https:\/\/c3vision.cl\/es\/wp-json\/wp\/v2\/pages"}],"about":[{"href":"https:\/\/c3vision.cl\/es\/wp-json\/wp\/v2\/types\/page"}],"author":[{"embeddable":true,"href":"https:\/\/c3vision.cl\/es\/wp-json\/wp\/v2\/users\/1"}],"replies":[{"embeddable":true,"href":"https:\/\/c3vision.cl\/es\/wp-json\/wp\/v2\/comments?post=24"}],"version-history":[{"count":11,"href":"https:\/\/c3vision.cl\/es\/wp-json\/wp\/v2\/pages\/24\/revisions"}],"predecessor-version":[{"id":359,"href":"https:\/\/c3vision.cl\/es\/wp-json\/wp\/v2\/pages\/24\/revisions\/359"}],"wp:featuredmedia":[{"embeddable":true,"href":"https:\/\/c3vision.cl\/es\/wp-json\/wp\/v2\/media\/83"}],"wp:attachment":[{"href":"https:\/\/c3vision.cl\/es\/wp-json\/wp\/v2\/media?parent=24"}],"curies":[{"name":"wp","href":"https:\/\/api.w.org\/{rel}","templated":true}]}}