{"id":26,"date":"2025-04-22T00:04:24","date_gmt":"2025-04-22T00:04:24","guid":{"rendered":"https:\/\/c3vision.cl\/services\/"},"modified":"2026-04-03T10:54:20","modified_gmt":"2026-04-03T14:54:20","slug":"servicios","status":"publish","type":"page","link":"https:\/\/c3vision.cl\/es\/servicios\/","title":{"rendered":"Servicios"},"content":{"rendered":"\n\n\n\n\n<h2>qu\u00e9 ofrecemos<\/h2>\n\n\n\n\n\n\n\n<p><strong>Reconocimiento facial en tiempo real<\/strong><br>Simplifica el acceso y mejora la seguridad sin contacto ni credenciales f\u00edsicas.<\/p>\n\n\n\n<p><strong>Del evento a la acci\u00f3n<\/strong><br>Transforma la informaci\u00f3n visual en decisiones r\u00e1pidas y bien informadas.<br><br><br><\/p>\n\n\n\n\n\n<p><strong>Seguimiento preciso y continuo<\/strong><br>Identifica y monitorea personas clave en m\u00faltiples zonas, con trazabilidad completa.<br><\/p>\n\n\n\n<p><strong>Confidencialidad desde la base<\/strong><br>Arquitectura dise\u00f1ada para resguardar la informaci\u00f3n cr\u00edtica de forma segura.<br><br><\/p>\n\n\n\n\n\n<p><strong>Monitoreo inteligente 24\/7<\/strong><br>An\u00e1lisis visual que detecta anomal\u00edas y genera alertas autom\u00e1ticas en tiempo real.<br><br><\/p>\n\n\n\n<p><strong>Inteligencia operativa ampliada<\/strong><br>Fusionamos visi\u00f3n computacional con tus datos para una toma de decisiones m\u00e1s efectiva.<\/p>\n\n\n\n\n\n\n\n\n\n\n\n<h2>Eventos:Nuestro workflow en acci\u00f3n<\/h2>\n\n\n\n<p>La soluci\u00f3n de C3 Vision est\u00e1 dise\u00f1ada para acompa\u00f1ar toda la log\u00edstica de acceso y seguridad en eventos, desde la instalaci\u00f3n hasta la operaci\u00f3n en tiempo real. Con un enfoque integral, inteligente y seguro, el sistema permite gestionar grandes vol\u00famenes de p\u00fablico de forma fluida, reduciendo riesgos y mejorando la experiencia tanto para los organizadores como para los asistentes.<br><br>A continuaci\u00f3n, los tres pilares que estructuran esta operaci\u00f3n:<\/p>\n\n\n\n\n\n\n\n<p>Antes del evento, se realiza la planificaci\u00f3n t\u00e9cnica, instalaci\u00f3n de equipos (torniquetes, c\u00e1maras, servidores, redes) y configuraci\u00f3n del sistema. Tambi\u00e9n se integran los datos de entradas y credenciales del p\u00fablico o staff.<br><\/p>\n\n\n\n\n\n<p>Durante el evento, el sistema valida la identidad de cada persona mediante reconocimiento facial, garantizando un ingreso fluido, seguro y sin contacto. Todo acceso queda registrado en tiempo real.<br><br><br><\/p>\n\n\n\n\n\n<p>Una vez dentro del recinto, las c\u00e1maras y algoritmos de tracking permiten seguir a sujetos de inter\u00e9s, detectar aglomeraciones o comportamientos inusuales y actuar r\u00e1pidamente ante incidentes. Toda la informaci\u00f3n queda disponible para an\u00e1lisis posterior.<\/p>\n\n\n\n\n","protected":false},"excerpt":{"rendered":"","protected":false},"author":1,"featured_media":52,"parent":0,"menu_order":0,"comment_status":"closed","ping_status":"closed","template":"","meta":{"pagelayer_contact_templates":[],"_pagelayer_content":"","footnotes":""},"class_list":["post-26","page","type-page","status-publish","has-post-thumbnail","hentry"],"_links":{"self":[{"href":"https:\/\/c3vision.cl\/es\/wp-json\/wp\/v2\/pages\/26","targetHints":{"allow":["GET"]}}],"collection":[{"href":"https:\/\/c3vision.cl\/es\/wp-json\/wp\/v2\/pages"}],"about":[{"href":"https:\/\/c3vision.cl\/es\/wp-json\/wp\/v2\/types\/page"}],"author":[{"embeddable":true,"href":"https:\/\/c3vision.cl\/es\/wp-json\/wp\/v2\/users\/1"}],"replies":[{"embeddable":true,"href":"https:\/\/c3vision.cl\/es\/wp-json\/wp\/v2\/comments?post=26"}],"version-history":[{"count":32,"href":"https:\/\/c3vision.cl\/es\/wp-json\/wp\/v2\/pages\/26\/revisions"}],"predecessor-version":[{"id":358,"href":"https:\/\/c3vision.cl\/es\/wp-json\/wp\/v2\/pages\/26\/revisions\/358"}],"wp:featuredmedia":[{"embeddable":true,"href":"https:\/\/c3vision.cl\/es\/wp-json\/wp\/v2\/media\/52"}],"wp:attachment":[{"href":"https:\/\/c3vision.cl\/es\/wp-json\/wp\/v2\/media?parent=26"}],"curies":[{"name":"wp","href":"https:\/\/api.w.org\/{rel}","templated":true}]}}